{"id":2849,"date":"2024-09-03T20:28:42","date_gmt":"2024-09-03T20:28:42","guid":{"rendered":"https:\/\/boprocr.com\/index.php\/nuestra-empresa\/"},"modified":"2024-12-09T22:30:47","modified_gmt":"2024-12-09T22:30:47","slug":"nuestra-empresa","status":"publish","type":"page","link":"https:\/\/boprocr.com\/index.php\/nuestra-empresa\/?lang=es","title":{"rendered":"Nuestra Empresa"},"content":{"rendered":"\t\t<div data-elementor-type=\"wp-page\" data-elementor-id=\"2849\" class=\"elementor elementor-2849 elementor-2031\">\n\t\t\t\t\t\t<section class=\"elementor-section elementor-top-section elementor-element elementor-element-f5b4d8b elementor-section-full_width elementor-section-height-default elementor-section-height-default parallax_section_no qode_elementor_container_no\" data-id=\"f5b4d8b\" data-element_type=\"section\" data-e-type=\"section\" data-settings=\"{&quot;background_background&quot;:&quot;classic&quot;}\">\n\t\t\t\t\t\t<div class=\"elementor-container elementor-column-gap-default\">\n\t\t\t\t\t<div class=\"elementor-column elementor-col-50 elementor-top-column elementor-element elementor-element-1c96cfa\" data-id=\"1c96cfa\" data-element_type=\"column\" data-e-type=\"column\" data-settings=\"{&quot;background_background&quot;:&quot;classic&quot;}\">\n\t\t\t<div class=\"elementor-widget-wrap elementor-element-populated\">\n\t\t\t\t\t\t<div class=\"elementor-element elementor-element-8b35ecc elementor-widget elementor-widget-spacer\" data-id=\"8b35ecc\" data-element_type=\"widget\" data-e-type=\"widget\" data-widget_type=\"spacer.default\">\n\t\t\t\t<div class=\"elementor-widget-container\">\n\t\t\t\t\t\t\t<div class=\"elementor-spacer\">\n\t\t\t<div class=\"elementor-spacer-inner\"><\/div>\n\t\t<\/div>\n\t\t\t\t\t\t<\/div>\n\t\t\t\t<\/div>\n\t\t\t\t<div class=\"elementor-element elementor-element-70c671c elementor-widget elementor-widget-heading\" data-id=\"70c671c\" data-element_type=\"widget\" data-e-type=\"widget\" data-widget_type=\"heading.default\">\n\t\t\t\t<div class=\"elementor-widget-container\">\n\t\t\t\t\t<h1 class=\"elementor-heading-title elementor-size-default\">Lo que podemos hacer por usted.\n<\/h1>\t\t\t\t<\/div>\n\t\t\t\t<\/div>\n\t\t<div class=\"elementor-element elementor-element-7b12430 e-flex e-con-boxed parallax_section_no qode_elementor_container_no e-con e-parent\" data-id=\"7b12430\" data-element_type=\"container\" data-e-type=\"container\" data-settings=\"{&quot;background_background&quot;:&quot;classic&quot;}\">\n\t\t\t\t\t<div class=\"e-con-inner\">\n\t\t\t\t<div class=\"elementor-element elementor-element-843c0b1 elementor-widget elementor-widget-text-editor\" data-id=\"843c0b1\" data-element_type=\"widget\" data-e-type=\"widget\" data-widget_type=\"text-editor.default\">\n\t\t\t\t<div class=\"elementor-widget-container\">\n\t\t\t\t\t\t\t\t\t<p style=\"margin-bottom: 20px; color: #8b9293; font-family: Roboto, Helvetica, Arial, sans-serif; font-size: 14px; background-color: #ffffff;\"><span lang=\"en\">Boutique Propiedades (BoPro) nace en Costa Rica con la misi\u00f3n de ser una EMPRESA DE SERVICIOS INMOBILIARIOS DE ALTA CALIDAD, priorizando las necesidades del cliente y satisfaciendo esas necesidades con gran inter\u00e9s y dedicaci\u00f3n. <\/span><\/p>\n<p style=\"margin-bottom: 20px; color: #8b9293; font-family: Roboto, Helvetica, Arial, sans-serif; font-size: 14px; background-color: #ffffff;\">Los principios que gu\u00edan a nuestra empresa, BoPro, son: confianza, responsabilidad y calidad de servicio. Nuestro objetivo es garantizar que los productos y el asesoramiento de B<span style=\"background-color: #ffffff;\">oPro satisfagan las necesidades de nuestros clientes de la mejor manera posible.<\/span><\/p>\n<p style=\"margin-bottom: 20px; color: #8b9293; font-family: Roboto, Helvetica, Arial, sans-serif; font-size: 14px; background-color: #ffffff;\">Ofrecemos a nuestros clientes un portafolio de servicios que incluyen: promoci\u00f3n virtual en nuestro sitio web, listado de bienes ra\u00edces (Small Estate CCCBR), investigaci\u00f3n de mercado, tasaciones, consultor\u00eda de gesti\u00f3n de inversiones, asesor\u00eda financiera (escrow) y otros servicios.<\/p>\n<p style=\"margin-bottom: 20px; color: #8b9293; font-family: Roboto, Helvetica, Arial, sans-serif; font-size: 14px; background-color: #ffffff;\">Nuestro equipo est\u00e1 preparado y listo para asesorar al comprador o vendedor en todos los detalles legales, financieros y documentales involucrados en una negociaci\u00f3n inmobiliaria. Nuestra misi\u00f3n es ser un socio de confianza que le ayude a alcanzar su objetivo de comprar o vender bienes ra\u00edces.<\/p>\n\t\t\t\t\t\t\t\t<\/div>\n\t\t\t\t<\/div>\n\t\t\t\t\t<\/div>\n\t\t\t\t<\/div>\n\t\t\t\t<div class=\"elementor-element elementor-element-7f5d030 elementor-widget elementor-widget-spacer\" data-id=\"7f5d030\" data-element_type=\"widget\" data-e-type=\"widget\" data-widget_type=\"spacer.default\">\n\t\t\t\t<div class=\"elementor-widget-container\">\n\t\t\t\t\t\t\t<div class=\"elementor-spacer\">\n\t\t\t<div class=\"elementor-spacer-inner\"><\/div>\n\t\t<\/div>\n\t\t\t\t\t\t<\/div>\n\t\t\t\t<\/div>\n\t\t\t\t<div class=\"elementor-element elementor-element-5e40314 elementor-widget elementor-widget-bridge_button\" data-id=\"5e40314\" data-element_type=\"widget\" data-e-type=\"widget\" data-widget_type=\"bridge_button.default\">\n\t\t\t\t<div class=\"elementor-widget-container\">\n\t\t\t\t\t<a  itemprop=\"url\" href=\"index.php\/propiedades\/\" target=\"_self\"  class=\"qbutton  default\" style=\"color: #DD9933; \">Buscar Lugares<\/a>\t\t\t\t<\/div>\n\t\t\t\t<\/div>\n\t\t\t\t\t<\/div>\n\t\t<\/div>\n\t\t\t\t<div class=\"elementor-column elementor-col-50 elementor-top-column elementor-element elementor-element-01a7204\" data-id=\"01a7204\" data-element_type=\"column\" data-e-type=\"column\">\n\t\t\t<div class=\"elementor-widget-wrap elementor-element-populated\">\n\t\t\t\t\t\t<div class=\"elementor-element elementor-element-0bf322a elementor-widget elementor-widget-image\" data-id=\"0bf322a\" data-element_type=\"widget\" data-e-type=\"widget\" data-widget_type=\"image.default\">\n\t\t\t\t<div class=\"elementor-widget-container\">\n\t\t\t\t\t\t\t\t\t\t\t\t\t\t\t<img fetchpriority=\"high\" decoding=\"async\" width=\"1040\" height=\"1280\" src=\"https:\/\/boprocr.com\/wp-content\/uploads\/2024\/09\/keys-1317389_1280.jpg\" class=\"attachment-full size-full wp-image-2793\" alt=\"\" srcset=\"https:\/\/boprocr.com\/wp-content\/uploads\/2024\/09\/keys-1317389_1280.jpg 1040w, https:\/\/boprocr.com\/wp-content\/uploads\/2024\/09\/keys-1317389_1280-244x300.jpg 244w, https:\/\/boprocr.com\/wp-content\/uploads\/2024\/09\/keys-1317389_1280-832x1024.jpg 832w, https:\/\/boprocr.com\/wp-content\/uploads\/2024\/09\/keys-1317389_1280-768x945.jpg 768w, https:\/\/boprocr.com\/wp-content\/uploads\/2024\/09\/keys-1317389_1280-700x862.jpg 700w\" sizes=\"(max-width: 1040px) 100vw, 1040px\" \/>\t\t\t\t\t\t\t\t\t\t\t\t\t\t\t<\/div>\n\t\t\t\t<\/div>\n\t\t\t\t\t<\/div>\n\t\t<\/div>\n\t\t\t\t\t<\/div>\n\t\t<\/section>\n\t\t<div class=\"elementor-element elementor-element-d317803 e-flex e-con-boxed parallax_section_no qode_elementor_container_no e-con e-parent\" data-id=\"d317803\" data-element_type=\"container\" data-e-type=\"container\">\n\t\t\t\t\t<div class=\"e-con-inner\">\n\t\t\t\t<div class=\"elementor-element elementor-element-db2c3d1 elementor-widget elementor-widget-spacer\" data-id=\"db2c3d1\" data-element_type=\"widget\" data-e-type=\"widget\" data-widget_type=\"spacer.default\">\n\t\t\t\t<div class=\"elementor-widget-container\">\n\t\t\t\t\t\t\t<div class=\"elementor-spacer\">\n\t\t\t<div class=\"elementor-spacer-inner\"><\/div>\n\t\t<\/div>\n\t\t\t\t\t\t<\/div>\n\t\t\t\t<\/div>\n\t\t\t\t<div class=\"elementor-element elementor-element-a5ef23e elementor-widget elementor-widget-heading\" data-id=\"a5ef23e\" data-element_type=\"widget\" data-e-type=\"widget\" data-widget_type=\"heading.default\">\n\t\t\t\t<div class=\"elementor-widget-container\">\n\t\t\t\t\t<h2 class=\"elementor-heading-title elementor-size-default\">Conoce a nuestro equipo de profesionales<\/h2>\t\t\t\t<\/div>\n\t\t\t\t<\/div>\n\t\t\t\t\t<\/div>\n\t\t\t\t<\/div>\n\t\t<div class=\"elementor-element elementor-element-a97e293 e-grid e-con-full parallax_section_no qode_elementor_container_no e-con e-parent\" data-id=\"a97e293\" data-element_type=\"container\" data-e-type=\"container\">\n\t\t\t\t<div class=\"elementor-element elementor-element-26dcc78 elementor-widget elementor-widget-bridge_team\" data-id=\"26dcc78\" data-element_type=\"widget\" data-e-type=\"widget\" data-widget_type=\"bridge_team.default\">\n\t\t\t\t<div class=\"elementor-widget-container\">\n\t\t\t\t\t<div class='q_team'><div class='q_team_inner'><div class='q_team_image'><img itemprop='image' src='https:\/\/boprocr.com\/wp-content\/uploads\/2024\/08\/Marisol-No-logo-copy.jpeg' alt='Marisol &#8211; No logo &#8211; copy' \/><\/div><div class='q_team_text' ><div class='q_team_text_inner'><div class='q_team_title_holder'><h3 class='q_team_name' style = ''>Marisol Ballestero<\/h3><span style = 'color: #00166E;'>Agente Inmobiliario<\/span><\/div><div class='separator small center' style = 'background-color: ;'><\/div><\/div><div class='q_team_social_holder'><\/div><\/div><\/div><\/div>\t\t\t\t<\/div>\n\t\t\t\t<\/div>\n\t\t\t\t<div class=\"elementor-element elementor-element-3786d1a elementor-widget elementor-widget-bridge_team\" data-id=\"3786d1a\" data-element_type=\"widget\" data-e-type=\"widget\" data-widget_type=\"bridge_team.default\">\n\t\t\t\t<div class=\"elementor-widget-container\">\n\t\t\t\t\t<div class='q_team'><div class='q_team_inner'><div class='q_team_image'><img itemprop='image' src='https:\/\/boprocr.com\/wp-content\/uploads\/2024\/08\/Mariselle-No-Logo.jpg' alt='Mariselle &#8211; No Logo' \/><\/div><div class='q_team_text' ><div class='q_team_text_inner'><div class='q_team_title_holder'><h3 class='q_team_name' style = ''>Mariselle Mes\u00e9n<\/h3><span style = 'color: #00166E;'>Agente Inmobiliario<\/span><\/div><div class='separator small center' style = 'background-color: ;'><\/div><\/div><div class='q_team_social_holder'><\/div><\/div><\/div><\/div>\t\t\t\t<\/div>\n\t\t\t\t<\/div>\n\t\t\t\t<div class=\"elementor-element elementor-element-8140dd5 elementor-widget elementor-widget-bridge_team\" data-id=\"8140dd5\" data-element_type=\"widget\" data-e-type=\"widget\" data-widget_type=\"bridge_team.default\">\n\t\t\t\t<div class=\"elementor-widget-container\">\n\t\t\t\t\t<div class='q_team'><div class='q_team_inner'><div class='q_team_image'><img itemprop='image' src='https:\/\/boprocr.com\/wp-content\/uploads\/2024\/09\/Keila-Lopez.jpeg' alt='Keila Lopez' \/><\/div><div class='q_team_text' ><div class='q_team_text_inner'><div class='q_team_title_holder'><h3 class='q_team_name' style = ''>Keila L\u00f3pez<\/h3><span style = 'color: #00166E;'>Marketing<\/span><\/div><div class='separator small center' style = 'background-color: ;'><\/div><\/div><div class='q_team_social_holder'><\/div><\/div><\/div><\/div>\t\t\t\t<\/div>\n\t\t\t\t<\/div>\n\t\t<div class=\"elementor-element elementor-element-e68adc5 e-flex e-con-boxed parallax_section_no qode_elementor_container_no e-con e-child\" data-id=\"e68adc5\" data-element_type=\"container\" data-e-type=\"container\">\n\t\t\t\t\t<div class=\"e-con-inner\">\n\t\t\t\t<div class=\"elementor-element elementor-element-df984b1 elementor-widget elementor-widget-image\" data-id=\"df984b1\" data-element_type=\"widget\" data-e-type=\"widget\" data-widget_type=\"image.default\">\n\t\t\t\t<div class=\"elementor-widget-container\">\n\t\t\t\t\t\t\t\t\t\t\t\t\t\t\t<img decoding=\"async\" width=\"271\" height=\"211\" src=\"https:\/\/boprocr.com\/wp-content\/uploads\/2024\/08\/Version-1-resized.png\" class=\"attachment-large size-large wp-image-2769\" alt=\"\" \/>\t\t\t\t\t\t\t\t\t\t\t\t\t\t\t<\/div>\n\t\t\t\t<\/div>\n\t\t\t\t\t<\/div>\n\t\t\t\t<\/div>\n\t\t\t\t<\/div>\n\t\t<div class=\"elementor-element elementor-element-eb87369 e-flex e-con-boxed parallax_section_no qode_elementor_container_no e-con e-parent\" data-id=\"eb87369\" data-element_type=\"container\" data-e-type=\"container\">\n\t\t\t\t\t<div class=\"e-con-inner\">\n\t\t<div class=\"elementor-element elementor-element-ff25eeb e-con-full e-flex parallax_section_no qode_elementor_container_no e-con e-child\" data-id=\"ff25eeb\" data-element_type=\"container\" data-e-type=\"container\">\n\t\t\t\t<div class=\"elementor-element elementor-element-373181b elementor-widget elementor-widget-heading\" data-id=\"373181b\" data-element_type=\"widget\" data-e-type=\"widget\" data-widget_type=\"heading.default\">\n\t\t\t\t<div class=\"elementor-widget-container\">\n\t\t\t\t\t<h2 class=\"elementor-heading-title elementor-size-default\">Gran servicio, dedicaci\u00f3n personal y valor. Todo en una sola agencia.<\/h2>\t\t\t\t<\/div>\n\t\t\t\t<\/div>\n\t\t\t\t<div class=\"elementor-element elementor-element-5fc1a0f elementor-widget elementor-widget-spacer\" data-id=\"5fc1a0f\" data-element_type=\"widget\" data-e-type=\"widget\" data-widget_type=\"spacer.default\">\n\t\t\t\t<div class=\"elementor-widget-container\">\n\t\t\t\t\t\t\t<div class=\"elementor-spacer\">\n\t\t\t<div class=\"elementor-spacer-inner\"><\/div>\n\t\t<\/div>\n\t\t\t\t\t\t<\/div>\n\t\t\t\t<\/div>\n\t\t\t\t<div class=\"elementor-element elementor-element-aeb50cb elementor-widget elementor-widget-heading\" data-id=\"aeb50cb\" data-element_type=\"widget\" data-e-type=\"widget\" data-widget_type=\"heading.default\">\n\t\t\t\t<div class=\"elementor-widget-container\">\n\t\t\t\t\t<h6 class=\"elementor-heading-title elementor-size-default\">Si est\u00e1 buscando un nuevo lugar o desea vender su casa o propiedad actual, ll\u00e1menos. \u00a1Podemos ayudar a que esto suceda!  <\/h6>\t\t\t\t<\/div>\n\t\t\t\t<\/div>\n\t\t\t\t<div class=\"elementor-element elementor-element-77b8fdd elementor-widget elementor-widget-spacer\" data-id=\"77b8fdd\" data-element_type=\"widget\" data-e-type=\"widget\" data-widget_type=\"spacer.default\">\n\t\t\t\t<div class=\"elementor-widget-container\">\n\t\t\t\t\t\t\t<div class=\"elementor-spacer\">\n\t\t\t<div class=\"elementor-spacer-inner\"><\/div>\n\t\t<\/div>\n\t\t\t\t\t\t<\/div>\n\t\t\t\t<\/div>\n\t\t\t\t<div class=\"elementor-element elementor-element-081f07e elementor-widget elementor-widget-bridge_button\" data-id=\"081f07e\" data-element_type=\"widget\" data-e-type=\"widget\" data-widget_type=\"bridge_button.default\">\n\t\t\t\t<div class=\"elementor-widget-container\">\n\t\t\t\t\t<a  itemprop=\"url\" href=\"index.php\/propiedades\/\" target=\"_self\"  class=\"qbutton  default\" style=\"color: #DD9933; \">Buscar Lugares<\/a>\t\t\t\t<\/div>\n\t\t\t\t<\/div>\n\t\t\t\t<\/div>\n\t\t<div class=\"elementor-element elementor-element-589ad49 e-con-full e-flex parallax_section_no qode_elementor_container_no e-con e-child\" data-id=\"589ad49\" data-element_type=\"container\" data-e-type=\"container\">\n\t\t\t\t<div class=\"elementor-element elementor-element-092151f elementor-widget elementor-widget-image\" data-id=\"092151f\" data-element_type=\"widget\" data-e-type=\"widget\" data-widget_type=\"image.default\">\n\t\t\t\t<div class=\"elementor-widget-container\">\n\t\t\t\t\t\t\t\t\t\t\t\t\t\t\t<img decoding=\"async\" width=\"830\" height=\"460\" src=\"https:\/\/boprocr.com\/wp-content\/uploads\/2024\/08\/HNB055-4-830x460-1.jpg\" class=\"attachment-large size-large wp-image-2739\" alt=\"\" srcset=\"https:\/\/boprocr.com\/wp-content\/uploads\/2024\/08\/HNB055-4-830x460-1.jpg 830w, https:\/\/boprocr.com\/wp-content\/uploads\/2024\/08\/HNB055-4-830x460-1-300x166.jpg 300w, https:\/\/boprocr.com\/wp-content\/uploads\/2024\/08\/HNB055-4-830x460-1-768x426.jpg 768w, https:\/\/boprocr.com\/wp-content\/uploads\/2024\/08\/HNB055-4-830x460-1-700x388.jpg 700w\" sizes=\"(max-width: 830px) 100vw, 830px\" \/>\t\t\t\t\t\t\t\t\t\t\t\t\t\t\t<\/div>\n\t\t\t\t<\/div>\n\t\t\t\t<\/div>\n\t\t\t\t\t<\/div>\n\t\t\t\t<\/div>\n\t\t\t\t<\/div>\n\t\t","protected":false},"excerpt":{"rendered":"<p>Lo que podemos hacer por usted. Boutique Propiedades (BoPro) nace en Costa Rica con la misi\u00f3n de ser una EMPRESA DE SERVICIOS INMOBILIARIOS DE ALTA CALIDAD, priorizando las necesidades del cliente y satisfaciendo esas necesidades con gran inter\u00e9s y dedicaci\u00f3n. Los principios que gu\u00edan a&#8230;<\/p>\n","protected":false},"author":1,"featured_media":0,"parent":0,"menu_order":0,"comment_status":"closed","ping_status":"closed","template":"elementor_header_footer","meta":{"footnotes":""},"class_list":["post-2849","page","type-page","status-publish","hentry"],"_links":{"self":[{"href":"https:\/\/boprocr.com\/index.php\/wp-json\/wp\/v2\/pages\/2849","targetHints":{"allow":["GET"]}}],"collection":[{"href":"https:\/\/boprocr.com\/index.php\/wp-json\/wp\/v2\/pages"}],"about":[{"href":"https:\/\/boprocr.com\/index.php\/wp-json\/wp\/v2\/types\/page"}],"author":[{"embeddable":true,"href":"https:\/\/boprocr.com\/index.php\/wp-json\/wp\/v2\/users\/1"}],"replies":[{"embeddable":true,"href":"https:\/\/boprocr.com\/index.php\/wp-json\/wp\/v2\/comments?post=2849"}],"version-history":[{"count":4,"href":"https:\/\/boprocr.com\/index.php\/wp-json\/wp\/v2\/pages\/2849\/revisions"}],"predecessor-version":[{"id":2876,"href":"https:\/\/boprocr.com\/index.php\/wp-json\/wp\/v2\/pages\/2849\/revisions\/2876"}],"wp:attachment":[{"href":"https:\/\/boprocr.com\/index.php\/wp-json\/wp\/v2\/media?parent=2849"}],"curies":[{"name":"wp","href":"https:\/\/api.w.org\/{rel}","templated":true}]}}